{"id":2,"date":"2023-11-21T10:46:33","date_gmt":"2023-11-21T10:46:33","guid":{"rendered":"https:\/\/ebner-engineering.de\/?page_id=2"},"modified":"2023-11-22T22:13:01","modified_gmt":"2023-11-22T21:13:01","slug":"sample-page","status":"publish","type":"page","link":"https:\/\/ebner-engineering.de\/","title":{"rendered":"\u00dcber uns"},"content":{"rendered":"\n<h2 class=\"wp-block-heading\">\u00dcber uns<\/h2>\n\n\n\n<p>EBNER engineering wurde im Jahr 2008 gegr\u00fcndet und verf\u00fcgt mittlerweile \u00fcber einen breiten Erfahrungsbackground im Bereich der<\/p>\n\n\n\n<ul class=\"wp-block-list\">\n<li>Embedded System\n<ul class=\"wp-block-list\">\n<li>Firmware<\/li>\n\n\n\n<li>Bootloader<\/li>\n\n\n\n<li>Feldbusse<\/li>\n\n\n\n<li>Realtime<\/li>\n\n\n\n<li>Funktionale Sicherheit<br><\/li>\n<\/ul>\n<\/li>\n\n\n\n<li>Automatisierungstechnik (Step 7, TIA Portal, CoDeSys, Beckhoff)<br><\/li>\n\n\n\n<li>Systeme f\u00fcr mobile Arbeitsmaschinen (Step 7, IFM, Topcon, Mondial)<br><\/li>\n\n\n\n<li>PC-Softwareentwicklung (C#, WPF, WinForms, NET-Framework,  NET-Core)<br><\/li>\n\n\n\n<li>Mobile Apps (Xamarin, MAUI)<\/li>\n<\/ul>\n\n\n\n<p>Gerne unterst\u00fctzen wir Sie von der Planung bis zur Fertigstellung des kompletten Produktes.<\/p>\n\n\n\n<p>Wir garantieren Ihnen ein hohes Ma\u00df an Qualit\u00e4t in Verbindung mit einer unb\u00fcrokratischen professionellen Abwicklung zu einem fairen Preis.<\/p>\n\n\n\n<p>Unser kompetentes hoch motiviertes Team unterst\u00fctzt Sie gerne.<br>Gemeinsam mit uns kommen Sie schneller zu Ihrem Ziel.<\/p>\n\n\n\n<p><strong>EBNER engineering &#8211; Ihr kompetenten Partner aus dem Hochschwarzwald<\/strong><\/p>\n\n\n\n<p><\/p>\n\n\n\n<div class=\"wp-block-buttons is-layout-flex wp-block-buttons-is-layout-flex\">\n<div class=\"wp-block-button\"><a class=\"wp-block-button__link wp-element-button\" href=\"https:\/\/ebner-engineering.de\/?page_id=134\">Unsere Leistungen<\/a><\/div>\n<\/div>\n","protected":false},"excerpt":{"rendered":"<p>\u00dcber uns EBNER engineering wurde im Jahr 2008 gegr\u00fcndet und verf\u00fcgt mittlerweile \u00fcber einen breiten Erfahrungsbackground im Bereich der Gerne unterst\u00fctzen wir Sie von der Planung bis zur Fertigstellung des kompletten Produktes. Wir garantieren Ihnen ein hohes Ma\u00df an Qualit\u00e4t in Verbindung mit einer unb\u00fcrokratischen professionellen Abwicklung zu einem fairen [&hellip;]<\/p>\n","protected":false},"author":1,"featured_media":115,"parent":0,"menu_order":0,"comment_status":"closed","ping_status":"open","template":"","meta":{"footnotes":""},"class_list":["post-2","page","type-page","status-publish","has-post-thumbnail","hentry"],"_links":{"self":[{"href":"https:\/\/ebner-engineering.de\/index.php?rest_route=\/wp\/v2\/pages\/2","targetHints":{"allow":["GET"]}}],"collection":[{"href":"https:\/\/ebner-engineering.de\/index.php?rest_route=\/wp\/v2\/pages"}],"about":[{"href":"https:\/\/ebner-engineering.de\/index.php?rest_route=\/wp\/v2\/types\/page"}],"author":[{"embeddable":true,"href":"https:\/\/ebner-engineering.de\/index.php?rest_route=\/wp\/v2\/users\/1"}],"replies":[{"embeddable":true,"href":"https:\/\/ebner-engineering.de\/index.php?rest_route=%2Fwp%2Fv2%2Fcomments&post=2"}],"version-history":[{"count":23,"href":"https:\/\/ebner-engineering.de\/index.php?rest_route=\/wp\/v2\/pages\/2\/revisions"}],"predecessor-version":[{"id":164,"href":"https:\/\/ebner-engineering.de\/index.php?rest_route=\/wp\/v2\/pages\/2\/revisions\/164"}],"wp:featuredmedia":[{"embeddable":true,"href":"https:\/\/ebner-engineering.de\/index.php?rest_route=\/wp\/v2\/media\/115"}],"wp:attachment":[{"href":"https:\/\/ebner-engineering.de\/index.php?rest_route=%2Fwp%2Fv2%2Fmedia&parent=2"}],"curies":[{"name":"wp","href":"https:\/\/api.w.org\/{rel}","templated":true}]}}